{"id":2020,"date":"2022-04-15T14:39:55","date_gmt":"2022-04-15T12:39:55","guid":{"rendered":"https:\/\/lac.blue-com.fr\/legal-notices\/"},"modified":"2023-02-10T16:13:58","modified_gmt":"2023-02-10T15:13:58","slug":"legal-notices","status":"publish","type":"page","link":"https:\/\/lac.blue-com.fr\/en\/legal-notices\/","title":{"rendered":"Legal notices"},"content":{"rendered":"<p>[vc_section full_width=&#8221;stretch_row&#8221;][vc_row css_animation=&#8221;fadeInUp&#8221; desctop_lg_pt=&#8221;padding-lg-70t&#8221; desctop_lg_pb=&#8221;padding-lg-70b&#8221; desctop_pt=&#8221;padding-md-70t&#8221; desctop_pb=&#8221;padding-md-70b&#8221; tablets_pt=&#8221;padding-sm-70t&#8221; tablets_pb=&#8221;padding-sm-70b&#8221; mobile_pt=&#8221;padding-xs-70t&#8221; mobile_pb=&#8221;padding-xs-70b&#8221;][vc_column el_class=&#8221;aos-fade-up&#8221;][vc_column_text css=&#8221;.vc_custom_1656445622401{margin-top: 0px !important;margin-bottom: 0px !important;padding-top: 55px !important;padding-bottom: 55px !important;}&#8221; el_class=&#8221;block-text&#8221;]<\/p>\n<h2 style=\"text-align: center;\">LEGAL <strong>NOTICES<\/strong><\/h2>\n<p>[\/vc_column_text][vc_column_text el_class=&#8221;block-text&#8221;]<\/p>\n<div class=\"postContent\">\n<div class=\"postContent\">\n<p>Conform\u00e9ment \u00e0 la loi, nous vous invitons \u00e0 prendre connaissance des pr\u00e9sentes conditions d\u2019utilisation, ainsi que toute condition sp\u00e9cifique figurant sur les pages du site, r\u00e9gissant votre utilisation du site www.lacdesaintcyr.fr.<\/p>\n<h2><strong>Pr\u00e9sentation du site<\/strong><\/h2>\n<p>En vertu de l\u2019article 6 de la loi n\u00b0 2004-575 du 21 juin 2004 pour la confiance dans l\u2019\u00e9conomie num\u00e9rique, il est pr\u00e9cis\u00e9 aux utilisateurs du site www.lacdesaintcyr.fr l\u2019identit\u00e9 des diff\u00e9rents intervenants dans le cadre de sa r\u00e9alisation et de son suivi :<\/p>\n<ul>\n<li>Propri\u00e9taire : SAGA\u00a0\u2013 Parc de Saint-Cyr \u2013 86130 Saint Cyr \u2013 France<\/li>\n<li>SAEM SAGA N\u00b0 de siret 338 809 213 000 14 \u2013 Soci\u00e9t\u00e9 d\u2019Economie Mixte<\/li>\n<li>Cr\u00e9ateur :\u00a0<a href=\"https:\/\/blue-com.fr\" target=\"_blank\" rel=\"noopener noreferrer\">SARL BLUE COM<\/a>\u00a0\u2013 Agence de communication<\/li>\n<li>Responsable publication : Jessica Guillon, Christophe Jaulin<\/li>\n<li>Le responsable publication est une personne physique ou une personne morale.<\/li>\n<li>H\u00e9bergeur :\u00a0<a href=\"http:\/\/www.sos-data.fr\/notice-legale-hebergement\/\">SAS SOS-DATA<\/a><\/li>\n<\/ul>\n<\/div>\n<\/div>\n<p>[\/vc_column_text][\/vc_column][\/vc_row][\/vc_section][vc_row][vc_column][vc_column_text]<\/p>\n<p>[\/vc_column_text][\/vc_column][\/vc_row]<\/p>\n","protected":false},"excerpt":{"rendered":"<p>[vc_section full_width=&#8221;stretch_row&#8221;][vc_row css_animation=&#8221;fadeInUp&#8221; desctop_lg_pt=&#8221;padding-lg-70t&#8221; desctop_lg_pb=&#8221;padding-lg-70b&#8221; desctop_pt=&#8221;padding-md-70t&#8221; desctop_pb=&#8221;padding-md-70b&#8221; tablets_pt=&#8221;padding-sm-70t&#8221; tablets_pb=&#8221;padding-sm-70b&#8221; mobile_pt=&#8221;padding-xs-70t&#8221; mobile_pb=&#8221;padding-xs-70b&#8221;][vc_column el_class=&#8221;aos-fade-up&#8221;][vc_column_text css=&#8221;.vc_custom_1656445622401{margin-top: 0px !important;margin-bottom: 0px !important;padding-top: 55px !important;padding-bottom: 55px !important;}&#8221; el_class=&#8221;block-text&#8221;] LEGAL NOTICES [\/vc_column_text][vc_column_text el_class=&#8221;block-text&#8221;] Conform\u00e9ment \u00e0 la loi, nous vous invitons \u00e0 prendre connaissance des pr\u00e9sentes conditions d\u2019utilisation, ainsi que toute condition sp\u00e9cifique figurant sur les pages du site, r\u00e9gissant votre utilisation du [&hellip;]<\/p>\n","protected":false},"author":2,"featured_media":0,"parent":0,"menu_order":101,"comment_status":"closed","ping_status":"closed","template":"","meta":{"_acf_changed":false,"inline_featured_image":false,"_monsterinsights_skip_tracking":false,"_monsterinsights_sitenote_active":false,"_monsterinsights_sitenote_note":"","_monsterinsights_sitenote_category":0,"footnotes":""},"class_list":["post-2020","page","type-page","status-publish","hentry"],"acf":[],"yoast_head":"<!-- This site is optimized with the Yoast SEO plugin v27.6 - https:\/\/yoast.com\/product\/yoast-seo-wordpress\/ -->\n<title>Legal notices - Lac de Saint-Cyr<\/title>\n<meta name=\"robots\" content=\"index, follow, max-snippet:-1, max-image-preview:large, max-video-preview:-1\" \/>\n<link rel=\"canonical\" href=\"https:\/\/lac.blue-com.fr\/en\/legal-notices\/\" \/>\n<meta property=\"og:locale\" content=\"en_US\" \/>\n<meta property=\"og:type\" content=\"article\" \/>\n<meta property=\"og:title\" content=\"Legal notices - Lac de Saint-Cyr\" \/>\n<meta property=\"og:description\" content=\"[vc_section full_width=&#8221;stretch_row&#8221;][vc_row css_animation=&#8221;fadeInUp&#8221; desctop_lg_pt=&#8221;padding-lg-70t&#8221; desctop_lg_pb=&#8221;padding-lg-70b&#8221; desctop_pt=&#8221;padding-md-70t&#8221; desctop_pb=&#8221;padding-md-70b&#8221; tablets_pt=&#8221;padding-sm-70t&#8221; tablets_pb=&#8221;padding-sm-70b&#8221; mobile_pt=&#8221;padding-xs-70t&#8221; mobile_pb=&#8221;padding-xs-70b&#8221;][vc_column el_class=&#8221;aos-fade-up&#8221;][vc_column_text css=&#8221;.vc_custom_1656445622401{margin-top: 0px !important;margin-bottom: 0px !important;padding-top: 55px !important;padding-bottom: 55px !important;}&#8221; el_class=&#8221;block-text&#8221;] LEGAL NOTICES [\/vc_column_text][vc_column_text el_class=&#8221;block-text&#8221;] Conform\u00e9ment \u00e0 la loi, nous vous invitons \u00e0 prendre connaissance des pr\u00e9sentes conditions d\u2019utilisation, ainsi que toute condition sp\u00e9cifique figurant sur les pages du site, r\u00e9gissant votre utilisation du [&hellip;]\" \/>\n<meta property=\"og:url\" content=\"https:\/\/lac.blue-com.fr\/en\/legal-notices\/\" \/>\n<meta property=\"og:site_name\" content=\"Lac de Saint-Cyr\" \/>\n<meta property=\"article:modified_time\" content=\"2023-02-10T15:13:58+00:00\" \/>\n<meta name=\"twitter:card\" content=\"summary_large_image\" \/>\n<meta name=\"twitter:label1\" content=\"Est. reading time\" \/>\n\t<meta name=\"twitter:data1\" content=\"1 minute\" \/>\n<script type=\"application\/ld+json\" class=\"yoast-schema-graph\">{\"@context\":\"https:\\\/\\\/schema.org\",\"@graph\":[{\"@type\":\"WebPage\",\"@id\":\"https:\\\/\\\/lac.blue-com.fr\\\/en\\\/legal-notices\\\/\",\"url\":\"https:\\\/\\\/lac.blue-com.fr\\\/en\\\/legal-notices\\\/\",\"name\":\"Legal notices - Lac de Saint-Cyr\",\"isPartOf\":{\"@id\":\"https:\\\/\\\/lac.blue-com.fr\\\/en\\\/#website\"},\"datePublished\":\"2022-04-15T12:39:55+00:00\",\"dateModified\":\"2023-02-10T15:13:58+00:00\",\"breadcrumb\":{\"@id\":\"https:\\\/\\\/lac.blue-com.fr\\\/en\\\/legal-notices\\\/#breadcrumb\"},\"inLanguage\":\"en-US\",\"potentialAction\":[{\"@type\":\"ReadAction\",\"target\":[\"https:\\\/\\\/lac.blue-com.fr\\\/en\\\/legal-notices\\\/\"]}]},{\"@type\":\"BreadcrumbList\",\"@id\":\"https:\\\/\\\/lac.blue-com.fr\\\/en\\\/legal-notices\\\/#breadcrumb\",\"itemListElement\":[{\"@type\":\"ListItem\",\"position\":1,\"name\":\"Home\",\"item\":\"https:\\\/\\\/lac.blue-com.fr\\\/en\\\/\"},{\"@type\":\"ListItem\",\"position\":2,\"name\":\"Legal notices\"}]},{\"@type\":\"WebSite\",\"@id\":\"https:\\\/\\\/lac.blue-com.fr\\\/en\\\/#website\",\"url\":\"https:\\\/\\\/lac.blue-com.fr\\\/en\\\/\",\"name\":\"Lac de Saint-Cyr\",\"description\":\"Proche du Futuroscope, Poitiers\",\"publisher\":{\"@id\":\"https:\\\/\\\/lac.blue-com.fr\\\/en\\\/#organization\"},\"potentialAction\":[{\"@type\":\"SearchAction\",\"target\":{\"@type\":\"EntryPoint\",\"urlTemplate\":\"https:\\\/\\\/lac.blue-com.fr\\\/en\\\/?s={search_term_string}\"},\"query-input\":{\"@type\":\"PropertyValueSpecification\",\"valueRequired\":true,\"valueName\":\"search_term_string\"}}],\"inLanguage\":\"en-US\"},{\"@type\":\"Organization\",\"@id\":\"https:\\\/\\\/lac.blue-com.fr\\\/en\\\/#organization\",\"name\":\"Lac de Saint-Cyr\",\"url\":\"https:\\\/\\\/lac.blue-com.fr\\\/en\\\/\",\"logo\":{\"@type\":\"ImageObject\",\"inLanguage\":\"en-US\",\"@id\":\"https:\\\/\\\/lac.blue-com.fr\\\/en\\\/#\\\/schema\\\/logo\\\/image\\\/\",\"url\":\"https:\\\/\\\/lac.blue-com.fr\\\/wp-content\\\/uploads\\\/2022\\\/04\\\/lac-de-saint-cyr.svg\",\"contentUrl\":\"https:\\\/\\\/lac.blue-com.fr\\\/wp-content\\\/uploads\\\/2022\\\/04\\\/lac-de-saint-cyr.svg\",\"caption\":\"Lac de Saint-Cyr\"},\"image\":{\"@id\":\"https:\\\/\\\/lac.blue-com.fr\\\/en\\\/#\\\/schema\\\/logo\\\/image\\\/\"}}]}<\/script>\n<!-- \/ Yoast SEO plugin. -->","yoast_head_json":{"title":"Legal notices - Lac de Saint-Cyr","robots":{"index":"index","follow":"follow","max-snippet":"max-snippet:-1","max-image-preview":"max-image-preview:large","max-video-preview":"max-video-preview:-1"},"canonical":"https:\/\/lac.blue-com.fr\/en\/legal-notices\/","og_locale":"en_US","og_type":"article","og_title":"Legal notices - Lac de Saint-Cyr","og_description":"[vc_section full_width=&#8221;stretch_row&#8221;][vc_row css_animation=&#8221;fadeInUp&#8221; desctop_lg_pt=&#8221;padding-lg-70t&#8221; desctop_lg_pb=&#8221;padding-lg-70b&#8221; desctop_pt=&#8221;padding-md-70t&#8221; desctop_pb=&#8221;padding-md-70b&#8221; tablets_pt=&#8221;padding-sm-70t&#8221; tablets_pb=&#8221;padding-sm-70b&#8221; mobile_pt=&#8221;padding-xs-70t&#8221; mobile_pb=&#8221;padding-xs-70b&#8221;][vc_column el_class=&#8221;aos-fade-up&#8221;][vc_column_text css=&#8221;.vc_custom_1656445622401{margin-top: 0px !important;margin-bottom: 0px !important;padding-top: 55px !important;padding-bottom: 55px !important;}&#8221; el_class=&#8221;block-text&#8221;] LEGAL NOTICES [\/vc_column_text][vc_column_text el_class=&#8221;block-text&#8221;] Conform\u00e9ment \u00e0 la loi, nous vous invitons \u00e0 prendre connaissance des pr\u00e9sentes conditions d\u2019utilisation, ainsi que toute condition sp\u00e9cifique figurant sur les pages du site, r\u00e9gissant votre utilisation du [&hellip;]","og_url":"https:\/\/lac.blue-com.fr\/en\/legal-notices\/","og_site_name":"Lac de Saint-Cyr","article_modified_time":"2023-02-10T15:13:58+00:00","twitter_card":"summary_large_image","twitter_misc":{"Est. reading time":"1 minute"},"schema":{"@context":"https:\/\/schema.org","@graph":[{"@type":"WebPage","@id":"https:\/\/lac.blue-com.fr\/en\/legal-notices\/","url":"https:\/\/lac.blue-com.fr\/en\/legal-notices\/","name":"Legal notices - Lac de Saint-Cyr","isPartOf":{"@id":"https:\/\/lac.blue-com.fr\/en\/#website"},"datePublished":"2022-04-15T12:39:55+00:00","dateModified":"2023-02-10T15:13:58+00:00","breadcrumb":{"@id":"https:\/\/lac.blue-com.fr\/en\/legal-notices\/#breadcrumb"},"inLanguage":"en-US","potentialAction":[{"@type":"ReadAction","target":["https:\/\/lac.blue-com.fr\/en\/legal-notices\/"]}]},{"@type":"BreadcrumbList","@id":"https:\/\/lac.blue-com.fr\/en\/legal-notices\/#breadcrumb","itemListElement":[{"@type":"ListItem","position":1,"name":"Home","item":"https:\/\/lac.blue-com.fr\/en\/"},{"@type":"ListItem","position":2,"name":"Legal notices"}]},{"@type":"WebSite","@id":"https:\/\/lac.blue-com.fr\/en\/#website","url":"https:\/\/lac.blue-com.fr\/en\/","name":"Lac de Saint-Cyr","description":"Proche du Futuroscope, Poitiers","publisher":{"@id":"https:\/\/lac.blue-com.fr\/en\/#organization"},"potentialAction":[{"@type":"SearchAction","target":{"@type":"EntryPoint","urlTemplate":"https:\/\/lac.blue-com.fr\/en\/?s={search_term_string}"},"query-input":{"@type":"PropertyValueSpecification","valueRequired":true,"valueName":"search_term_string"}}],"inLanguage":"en-US"},{"@type":"Organization","@id":"https:\/\/lac.blue-com.fr\/en\/#organization","name":"Lac de Saint-Cyr","url":"https:\/\/lac.blue-com.fr\/en\/","logo":{"@type":"ImageObject","inLanguage":"en-US","@id":"https:\/\/lac.blue-com.fr\/en\/#\/schema\/logo\/image\/","url":"https:\/\/lac.blue-com.fr\/wp-content\/uploads\/2022\/04\/lac-de-saint-cyr.svg","contentUrl":"https:\/\/lac.blue-com.fr\/wp-content\/uploads\/2022\/04\/lac-de-saint-cyr.svg","caption":"Lac de Saint-Cyr"},"image":{"@id":"https:\/\/lac.blue-com.fr\/en\/#\/schema\/logo\/image\/"}}]}},"_links":{"self":[{"href":"https:\/\/lac.blue-com.fr\/en\/wp-json\/wp\/v2\/pages\/2020","targetHints":{"allow":["GET"]}}],"collection":[{"href":"https:\/\/lac.blue-com.fr\/en\/wp-json\/wp\/v2\/pages"}],"about":[{"href":"https:\/\/lac.blue-com.fr\/en\/wp-json\/wp\/v2\/types\/page"}],"author":[{"embeddable":true,"href":"https:\/\/lac.blue-com.fr\/en\/wp-json\/wp\/v2\/users\/2"}],"replies":[{"embeddable":true,"href":"https:\/\/lac.blue-com.fr\/en\/wp-json\/wp\/v2\/comments?post=2020"}],"version-history":[{"count":2,"href":"https:\/\/lac.blue-com.fr\/en\/wp-json\/wp\/v2\/pages\/2020\/revisions"}],"predecessor-version":[{"id":2863,"href":"https:\/\/lac.blue-com.fr\/en\/wp-json\/wp\/v2\/pages\/2020\/revisions\/2863"}],"wp:attachment":[{"href":"https:\/\/lac.blue-com.fr\/en\/wp-json\/wp\/v2\/media?parent=2020"}],"curies":[{"name":"wp","href":"https:\/\/api.w.org\/{rel}","templated":true}]}}